{"id":94,"date":"2014-11-11T10:26:59","date_gmt":"2014-11-11T09:26:59","guid":{"rendered":"http:\/\/www.welfaregiornalisti.it\/?page_id=94"},"modified":"2014-11-12T11:59:34","modified_gmt":"2014-11-12T10:59:34","slug":"la-comunicazione-pubblica-istituzionale","status":"publish","type":"page","link":"http:\/\/www.welfaregiornalisti.it\/?page_id=94","title":{"rendered":"La comunicazione pubblica istituzionale"},"content":{"rendered":"<p><strong>Matera &#8211; Perugia &#8211; Terni<\/strong><br \/>\nSettembre -Novembre 1998<br \/>\nAgenzia Stampa Umbria Notizie di Perugia- Centro Multimediale di Terni<\/p>\n<p>Riservato ai giornalisti impegnati negli uffici stampa della Regione, dei comuni e di aziende private, ha avuto lo scopo di aggiornare i colleghi sulle tecniche di comunicazione e sulle ultime novit\u00e0 legislative in materia di rapporti tra Pubbliche Amministrazioni e cittadini.<\/p>\n<p><strong>DOCENTI:<\/strong><br \/>\n&#8211; Francesco Arcuti<br \/>\nGiornalista professionista, redattore dell\u2019ufficio stampa della Giunta Regionale dell\u2019Umbria, membro del Consiglio Nazionale della FNSI dal 1989, dal 2000 \u00e8 Presidente dell\u2019Associazione Stampa Umbra<br \/>\n&#8211; Gino Belli<br \/>\nGiornalista, dirige e gestisce uffici stampa di alcune importanti imprese od organizzazioni, tra queste la Confcooperative Emilia-Romagna, La Fondazione Cassa di Risparmio di Reggio Emilia. Collabora con riviste ed emittenti radiotelevisive, ha svolto attivit\u00e0 di docenza a corsi di formazione per addetti agli uffici stampa<br \/>\n&#8211; Alfonso Cecere<br \/>\nDocente di Diritto Amministrativo, Universit\u00e0 di Napoli<br \/>\n&#8211; Tino Ferrari<br \/>\nEsperto di marketing e marketing della comunicazione, si occupa di consulenza aziendale in comunicazione integrata di impresa nella societ\u00e0 Comunicatori Associati di Bologna di cui \u00e8 senior partner e in Studio Armonia di cui \u00e8 titolare, \u00e8 docente di Relazioni Pubbliche e Marketing della Comunicazione in corsi organizzati da enti pubblici e privati<br \/>\n&#8211; Fabrizio Piccinini<br \/>\nGiornalista professionista, tutor e docente presso l\u2019Istituto per la Formazione al Giornalismo di Bologna, consulente della Federazione Nazionale della Stampa Italiana sui problemi occupazionali. Ha seguito, fra gli altri, il corso di giornalismo istituito dall\u2019Universit\u00e0 di Ferrara, ha lavorato in quotidiani emiliano-romagnoli, \u00e8 stato redattore della sede bolognese di \u201cRepubblica\u201d e di altre testate<br \/>\n&#8211; Enrico Pulcini<br \/>\nGiornalista di \u201cInfocity\u201d agenzia per la progettazione, realizzazione e diffusione di contenuti editoriali su Internet, ha pubblicato il libro \u201cGiornalismo su Internet: cercare, produrre diffondere informazione on-line\u201d. Collaboratore de \u201cL\u2019Unit\u00e0\u201d e di altre testate, laureato in Lingue e Letterature Straniere Moderne presso l\u2019Universit\u00e0 \u201cLa Sapienza\u201d di Roma con diploma di specializzazione in Giornalismo e Comunicazione di Massa<\/p>\n","protected":false},"excerpt":{"rendered":"<p>Matera &#8211; Perugia &#8211; Terni Settembre -Novembre 1998 Agenzia Stampa Umbria Notizie di Perugia- Centro Multimediale di Terni Riservato ai giornalisti impegnati negli uffici stampa della Regione, dei comuni e di aziende private, ha avuto lo scopo di aggiornare i colleghi sulle tecniche di comunicazione e sulle ultime novit\u00e0 legislative in materia di rapporti tra &hellip; <\/p>\n","protected":false},"author":1,"featured_media":0,"parent":90,"menu_order":0,"comment_status":"closed","ping_status":"open","template":"","meta":{"footnotes":""},"class_list":["entry","page","publish","author-admin","post-94"],"publishpress_future_action":{"enabled":false,"date":"2026-04-28 21:43:39","action":"change-status","newStatus":"draft","terms":[],"taxonomy":"","extraData":[]},"publishpress_future_workflow_manual_trigger":{"enabledWorkflows":[]},"_links":{"self":[{"href":"http:\/\/www.welfaregiornalisti.it\/index.php?rest_route=\/wp\/v2\/pages\/94","targetHints":{"allow":["GET"]}}],"collection":[{"href":"http:\/\/www.welfaregiornalisti.it\/index.php?rest_route=\/wp\/v2\/pages"}],"about":[{"href":"http:\/\/www.welfaregiornalisti.it\/index.php?rest_route=\/wp\/v2\/types\/page"}],"author":[{"embeddable":true,"href":"http:\/\/www.welfaregiornalisti.it\/index.php?rest_route=\/wp\/v2\/users\/1"}],"replies":[{"embeddable":true,"href":"http:\/\/www.welfaregiornalisti.it\/index.php?rest_route=%2Fwp%2Fv2%2Fcomments&post=94"}],"version-history":[{"count":5,"href":"http:\/\/www.welfaregiornalisti.it\/index.php?rest_route=\/wp\/v2\/pages\/94\/revisions"}],"predecessor-version":[{"id":301,"href":"http:\/\/www.welfaregiornalisti.it\/index.php?rest_route=\/wp\/v2\/pages\/94\/revisions\/301"}],"up":[{"embeddable":true,"href":"http:\/\/www.welfaregiornalisti.it\/index.php?rest_route=\/wp\/v2\/pages\/90"}],"wp:attachment":[{"href":"http:\/\/www.welfaregiornalisti.it\/index.php?rest_route=%2Fwp%2Fv2%2Fmedia&parent=94"}],"curies":[{"name":"wp","href":"https:\/\/api.w.org\/{rel}","templated":true}]}}