{"id":929,"date":"2016-07-11T11:58:58","date_gmt":"2016-07-11T09:58:58","guid":{"rendered":"http:\/\/www.welfaregiornalisti.it\/?page_id=929"},"modified":"2016-09-15T09:36:12","modified_gmt":"2016-09-15T07:36:12","slug":"ordine-nazionale-dei-biologi","status":"publish","type":"page","link":"http:\/\/www.welfaregiornalisti.it\/?page_id=929","title":{"rendered":"Ordine Nazionale dei Biologi"},"content":{"rendered":"<p style=\"text-align: justify;\">L\u2019<strong>Ordine Nazionale dei Biologi<\/strong> ha promosso una serie di iniziative formative rivolte ai biologi e alle diverse specializzazioni che questa professione\u00a0contempla.<\/p>\n<p style=\"text-align: justify;\">E&#8217; importante per i biologi migliorarsi sempre di pi\u00f9 nella comunicazione sanitaria perch\u00e9 la comunicazione \u00e8 sempre pi\u00f9 parte integrante delle relazioni tra professioni, tra professioni e istituzioni, tra professioni e utenti. La proposta formativa \u00e8 stata concepita per promuovere la cultura della comunicazione e dell\u2019informazione, al fine di intensificare anche le relazioni territoriali tra la categoria dei biologi e il sistema dei media nazionali e locali, nella consapevolezza dell\u2019importanza strategica\u00a0delle relazioni esterne, per far conoscere la propria attivit\u00e0 al tessuto di appartenenza, per valorizzarne anche la sua fondamentale funzione sociale.<\/p>\n<p style=\"text-align: justify;\">Inoltre, sono stati organizzati dieci corsi allo scopo di\u00a0promuovere e comunicare la professione del biologo attraverso <strong>Facebook, Twitter, LinkedIn o Instagram.<\/strong><\/p>\n<p>Comunicare in maniera efficace l&#8217;eccellente preparazione scientifica di questi professionisti puntando sui social network.<\/p>\n<p style=\"text-align: justify;\">\n","protected":false},"excerpt":{"rendered":"<p>L\u2019Ordine Nazionale dei Biologi ha promosso una serie di iniziative formative rivolte ai biologi e alle diverse specializzazioni che questa professione\u00a0contempla. E&#8217; importante per i biologi migliorarsi sempre di pi\u00f9 nella comunicazione sanitaria perch\u00e9 la comunicazione \u00e8 sempre pi\u00f9 parte integrante delle relazioni tra professioni, tra professioni e istituzioni, tra professioni e utenti. La proposta &hellip; <\/p>\n","protected":false},"author":1,"featured_media":0,"parent":0,"menu_order":0,"comment_status":"closed","ping_status":"closed","template":"","meta":{"footnotes":""},"class_list":["entry","page","publish","author-admin","post-929"],"publishpress_future_action":{"enabled":false,"date":"2026-04-23 20:56:10","action":"change-status","newStatus":"draft","terms":[],"taxonomy":"","extraData":[]},"publishpress_future_workflow_manual_trigger":{"enabledWorkflows":[]},"_links":{"self":[{"href":"http:\/\/www.welfaregiornalisti.it\/index.php?rest_route=\/wp\/v2\/pages\/929","targetHints":{"allow":["GET"]}}],"collection":[{"href":"http:\/\/www.welfaregiornalisti.it\/index.php?rest_route=\/wp\/v2\/pages"}],"about":[{"href":"http:\/\/www.welfaregiornalisti.it\/index.php?rest_route=\/wp\/v2\/types\/page"}],"author":[{"embeddable":true,"href":"http:\/\/www.welfaregiornalisti.it\/index.php?rest_route=\/wp\/v2\/users\/1"}],"replies":[{"embeddable":true,"href":"http:\/\/www.welfaregiornalisti.it\/index.php?rest_route=%2Fwp%2Fv2%2Fcomments&post=929"}],"version-history":[{"count":6,"href":"http:\/\/www.welfaregiornalisti.it\/index.php?rest_route=\/wp\/v2\/pages\/929\/revisions"}],"predecessor-version":[{"id":940,"href":"http:\/\/www.welfaregiornalisti.it\/index.php?rest_route=\/wp\/v2\/pages\/929\/revisions\/940"}],"wp:attachment":[{"href":"http:\/\/www.welfaregiornalisti.it\/index.php?rest_route=%2Fwp%2Fv2%2Fmedia&parent=929"}],"curies":[{"name":"wp","href":"https:\/\/api.w.org\/{rel}","templated":true}]}}