{"id":736,"date":"2016-04-27T11:35:49","date_gmt":"2016-04-27T09:35:49","guid":{"rendered":"http:\/\/www.welfaregiornalisti.it\/?page_id=736"},"modified":"2016-05-04T12:16:11","modified_gmt":"2016-05-04T10:16:11","slug":"le-parole-dellinnovazione-culturale-il-sociale-il-linguaggio-e-la-deontologia-dei-media-quali-responsabilita-2","status":"publish","type":"page","link":"http:\/\/www.welfaregiornalisti.it\/?page_id=736","title":{"rendered":"\u201cLe parole dell\u2019innovazione culturale: il sociale, il linguaggio e la deontologia dei media. Quali responsabilit\u00e0?\u201d"},"content":{"rendered":"<p><a href=\"http:\/\/www.welfaregiornalisti.it\/wp-content\/uploads\/2016\/03\/4.jpg\" rel=\"attachment wp-att-693\"><img loading=\"lazy\" decoding=\"async\" class=\"wp-image-693 aligncenter\" src=\"http:\/\/www.welfaregiornalisti.it\/wp-content\/uploads\/2016\/03\/4-300x162.jpg\" alt=\"4\" width=\"434\" height=\"235\" srcset=\"http:\/\/www.welfaregiornalisti.it\/wp-content\/uploads\/2016\/03\/4-300x162.jpg 300w, http:\/\/www.welfaregiornalisti.it\/wp-content\/uploads\/2016\/03\/4.jpg 500w\" sizes=\"auto, (max-width: 434px) 100vw, 434px\" \/><\/a><\/p>\n<p><a href=\"http:\/\/www.welfaregiornalisti.it\/wp-content\/uploads\/2015\/12\/Logo-forMedia.jpg\" rel=\"attachment wp-att-632\"><img loading=\"lazy\" decoding=\"async\" class=\"alignleft wp-image-632\" src=\"http:\/\/www.welfaregiornalisti.it\/wp-content\/uploads\/2015\/12\/Logo-forMedia-300x60.jpg\" alt=\"Logo forMedia\" width=\"490\" height=\"98\" srcset=\"http:\/\/www.welfaregiornalisti.it\/wp-content\/uploads\/2015\/12\/Logo-forMedia-300x60.jpg 300w, http:\/\/www.welfaregiornalisti.it\/wp-content\/uploads\/2015\/12\/Logo-forMedia.jpg 397w\" sizes=\"auto, (max-width: 490px) 100vw, 490px\" \/><\/a><\/p>\n<p><a href=\"http:\/\/www.welfaregiornalisti.it\/wp-content\/uploads\/2016\/03\/1.png\" rel=\"attachment wp-att-690\"><img loading=\"lazy\" decoding=\"async\" class=\"alignleft size-full wp-image-690\" src=\"http:\/\/www.welfaregiornalisti.it\/wp-content\/uploads\/2016\/03\/1.png\" alt=\"1\" width=\"240\" height=\"120\" \/><\/a><a href=\"http:\/\/www.welfaregiornalisti.it\/wp-content\/uploads\/2016\/03\/3.jpg\" rel=\"attachment wp-att-692\"><img loading=\"lazy\" decoding=\"async\" class=\"alignleft wp-image-692\" src=\"http:\/\/www.welfaregiornalisti.it\/wp-content\/uploads\/2016\/03\/3-300x150.jpg\" alt=\"3\" width=\"208\" height=\"104\" srcset=\"http:\/\/www.welfaregiornalisti.it\/wp-content\/uploads\/2016\/03\/3-300x150.jpg 300w, http:\/\/www.welfaregiornalisti.it\/wp-content\/uploads\/2016\/03\/3-768x385.jpg 768w, http:\/\/www.welfaregiornalisti.it\/wp-content\/uploads\/2016\/03\/3.jpg 1024w\" sizes=\"auto, (max-width: 208px) 100vw, 208px\" \/><\/a><a href=\"http:\/\/www.welfaregiornalisti.it\/wp-content\/uploads\/2016\/03\/2.jpg\" rel=\"attachment wp-att-691\"><img loading=\"lazy\" decoding=\"async\" class=\"alignleft wp-image-691\" src=\"http:\/\/www.welfaregiornalisti.it\/wp-content\/uploads\/2016\/03\/2.jpg\" alt=\"2\" width=\"147\" height=\"100\" \/><\/a><\/p>\n<p>&nbsp;<\/p>\n<p>&nbsp;<\/p>\n<p>&nbsp;<\/p>\n<p style=\"text-align: right;\">\n<p style=\"text-align: left;\">\n<p><strong>Matera<\/strong><\/p>\n<p>18 aprile 2016<br \/>\n(11:00 -15:00)<br \/>\nIstituto I.T.C.G. \u201cLoperfido \u2013 Olivetti\u201d Via Aldo Moro n. 28 \u2013 75100 Matera<\/p>\n<p><em>Saluti:<\/em> <strong>Carlo Borgomeo<\/strong>, presidente \u201cFondazione per il sud\u201d<br \/>\n<strong>Ottorino Arbia<\/strong>, Forum Basilicata<br \/>\n<em>Relatori<\/em>: <strong>Renato Cantor<\/strong>e, vice direttore TGR nazionale e presidente forMedia\u00ae<br \/>\n<strong>Paride Leporace<\/strong>, giornalista e direttore Lucana Film Commission<br \/>\n<strong>Stefano Milani<\/strong>, giornalista radiofonico ed editore<br \/>\n<strong>Flavio Natalia<\/strong>, capo comunicazione prodotto Sky<br \/>\n<strong>Mimmo Sammartino<\/strong>, presidente Ordine dei giornalisti della Basilicata<br \/>\n<strong>Guido Talarico<\/strong>, direttore di Insideart e AD di Adnkronos Culturalia<br \/>\n<strong>Pasquale Mallozzi<\/strong>, docente Universit\u00e0 di Roma La Sapienza<br \/>\n<em>Modera:<\/em> <strong>Pietro Brigan\u00f2<\/strong>, capo redattore cultura Giornale Radio Sociale<\/p>\n<p>Temi: Consumi culturali, tv e giovani: la crisi del linguaggio corre sul web<\/p>\n<p>Quali sono i consumi culturali oggi? Come raccontarli? Come parlare a tutti, a tutte le et\u00e0 della vita?<\/p>\n<p><strong><em>Contesto socio-economico<\/em><\/strong><strong>:\u00a0<\/strong>la crisi che ha investito l&#8217;Europa e il nostro paese ha inciso notevolmente sui consumi culturali dei cittadini\u00a0ma soprattutto\u00a0ha aumentato\u00a0il divario tra nord e sud. A confermarlo \u00e8 il rapporto Svimez: \u201cSecondo i dati dell&#8217;associazione per lo sviluppo del Mezzogiorno, a livello nazionale il calo \u00e8 stato del 27% ma mentre il Veneto ha perso il 21% la Calabria ha subito tagli pari al 43,6%. A farne le spese musei, biblioteche, cinema, teatri, enti lirici, archivi, accademie, ma anche piscine, stadi, centri sportivi e giardini\u201d.<\/p>\n<p><strong><em>Tesi (a cura di Redazione del Giornale Radio Sociale):<\/em><\/strong><strong>\u00a0<\/strong>sempre pi\u00f9 spesso si parla di cultura solo quando si verificano catastrofi (vedi o la distruzione del patrimonio culturale UNESCO da parte dell&#8217;ISIS) oppure quando ci sono dati che fotografano una realt\u00e0 in molti casi afflitta da una condizione di svantaggio\u00a0(vedi nord\u00a0contro\u00a0sud).\u00a0O ancora quando le denunce relative al mondo della cultura passano per la protesta di pochi (politici che urlano) che riescono a portare agli onori della cronaca fatti di cui nessuno avrebbe parlato.\u00a0La cultura subisce il complesso di inferiorit\u00e0 rispetto alle altre redazioni, molto spesso \u00e8 considerata di serie b. Eppure \u00e8 un importante settore della nostra economia in grado di incidere sul Pil del nostro paese.\u00a0Diminuiscono quindi gli spazi dedicati alla cultura e diminuiscono i collaboratori perch\u00e9 l&#8217;obiettivo \u00e8\u00a0aumentare il numero di lettori\u00a0e non si aumentano con la cultura.<\/p>\n<p>Quale linguaggio per raccontarla? Quali gli strumenti a disposizione per coinvolgere i lettori nella vita culturale del paese? Come trasformare i lettori della stampa\u00a0(cartacea e web)\u00a0in cittadini attivi\u00a0che sappiano trasformare l&#8217;informazione in conoscenza?<\/p>\n<p><strong>CREDITI: \u00a0 6<\/strong><\/p>\n","protected":false},"excerpt":{"rendered":"<p>&nbsp; &nbsp; &nbsp; Matera 18 aprile 2016 (11:00 -15:00) Istituto I.T.C.G. \u201cLoperfido \u2013 Olivetti\u201d Via Aldo Moro n. 28 \u2013 75100 Matera Saluti: Carlo Borgomeo, presidente \u201cFondazione per il sud\u201d Ottorino Arbia, Forum Basilicata Relatori: Renato Cantore, vice direttore TGR nazionale e presidente forMedia\u00ae Paride Leporace, giornalista e direttore Lucana Film Commission Stefano Milani, giornalista &hellip; <\/p>\n","protected":false},"author":1,"featured_media":0,"parent":644,"menu_order":0,"comment_status":"closed","ping_status":"closed","template":"","meta":{"footnotes":""},"class_list":["entry","page","publish","author-admin","post-736"],"publishpress_future_action":{"enabled":false,"date":"2026-04-28 20:01:15","action":"change-status","newStatus":"draft","terms":[],"taxonomy":"","extraData":[]},"publishpress_future_workflow_manual_trigger":{"enabledWorkflows":[]},"_links":{"self":[{"href":"http:\/\/www.welfaregiornalisti.it\/index.php?rest_route=\/wp\/v2\/pages\/736","targetHints":{"allow":["GET"]}}],"collection":[{"href":"http:\/\/www.welfaregiornalisti.it\/index.php?rest_route=\/wp\/v2\/pages"}],"about":[{"href":"http:\/\/www.welfaregiornalisti.it\/index.php?rest_route=\/wp\/v2\/types\/page"}],"author":[{"embeddable":true,"href":"http:\/\/www.welfaregiornalisti.it\/index.php?rest_route=\/wp\/v2\/users\/1"}],"replies":[{"embeddable":true,"href":"http:\/\/www.welfaregiornalisti.it\/index.php?rest_route=%2Fwp%2Fv2%2Fcomments&post=736"}],"version-history":[{"count":6,"href":"http:\/\/www.welfaregiornalisti.it\/index.php?rest_route=\/wp\/v2\/pages\/736\/revisions"}],"predecessor-version":[{"id":824,"href":"http:\/\/www.welfaregiornalisti.it\/index.php?rest_route=\/wp\/v2\/pages\/736\/revisions\/824"}],"up":[{"embeddable":true,"href":"http:\/\/www.welfaregiornalisti.it\/index.php?rest_route=\/wp\/v2\/pages\/644"}],"wp:attachment":[{"href":"http:\/\/www.welfaregiornalisti.it\/index.php?rest_route=%2Fwp%2Fv2%2Fmedia&parent=736"}],"curies":[{"name":"wp","href":"https:\/\/api.w.org\/{rel}","templated":true}]}}