{"id":543,"date":"2015-09-28T11:44:45","date_gmt":"2015-09-28T09:44:45","guid":{"rendered":"http:\/\/www.welfaregiornalisti.it\/?page_id=543"},"modified":"2019-11-06T11:16:20","modified_gmt":"2019-11-06T10:16:20","slug":"la-notizia-dalla-scrittura-alla-lettura-livello-1-e-2","status":"publish","type":"page","link":"http:\/\/www.welfaregiornalisti.it\/?page_id=543","title":{"rendered":"La notizia: dalla scrittura alla lettura &#8211; Livello 1 e 2"},"content":{"rendered":"<p><strong>Potenza<\/strong><br \/>\n19 e 26 settembre 2015<br \/>\n9.00 &#8211; 18.00<br \/>\n<strong>Assostampa di Basilicata\/forMedia<sup>\u00ae<\/sup>Via Mazzini 23\/E \u2013 85100 POTENZA<\/strong><\/p>\n<p>Docenti:<br \/>\n<strong>Mara Sabia, <\/strong>linguista docente di materie umanistiche, attrice, autrice.<\/p>\n<p>Testimonianza:<br \/>\n<strong>Renato Cantore, <\/strong>giornalista RAI per la notizia in video;<strong> Luigi Di Lauro, <\/strong>giornalista RAI per la notizia radiofonica;<strong> Domenico Sammartino, <\/strong>giornalista e scrittore, presidente\u00a0 ODG Basilicata.<\/p>\n<p>La notizia, la lettura in radio e televisione. Tempi, tecniche ed espressioni per una corretta veicolazione vocale delle notizie. Brevi cenni di anatomia dell&#8217;apparato respiratorio e fonatorio e tecniche di respirazione, igiene della voce. Nozioni fondamentali di ortoepia\u00a0della lingua italiana. La corretta dizione delle consonanti. La notizia alla radio ed in video. Corso base di ortoepia\u00a0e fonetica della lingua italiana. Cenni di anatomia dell&#8217;apparato respiratorio e fonatorio e tecniche di respirazione, igiene della voce. Nozioni fondamentali di ortopedia della lingua italiana. Il fenomena \u00c8, \u00c8, \u00d2, \u00d3.<\/p>\n<p>La notizia, la lettura in radio e televisione. Tempi, tecniche ed espressioni per una corretta veicolazione vocale delle notizie. Brevi cenni di anatomia dell&#8217;apparato respiratorio e fonatorio e tecniche di respirazione, igiene della voce. Nozioni fondamentali di ortoepia\u00a0della lingua italiana. la corretta dizione delle consonanti. La notizia alla radio ed in video.\u00a0Corso base di ortoepia\u00a0e fonetica della lingua italiana. Le consonanti S e Z. Le inflessioni dialettali: riconoscerle e correggerle. Nozioni base di lettura interpretata, espressivit\u00e0 semantica, impostazione della voce, public speaking.<\/p>\n","protected":false},"excerpt":{"rendered":"<p>Potenza 19 e 26 settembre 2015 9.00 &#8211; 18.00 Assostampa di Basilicata\/forMedia\u00aeVia Mazzini 23\/E \u2013 85100 POTENZA Docenti: Mara Sabia, linguista docente di materie umanistiche, attrice, autrice. Testimonianza: Renato Cantore, giornalista RAI per la notizia in video; Luigi Di Lauro, giornalista RAI per la notizia radiofonica; Domenico Sammartino, giornalista e scrittore, presidente\u00a0 ODG Basilicata. La &hellip; <\/p>\n","protected":false},"author":1,"featured_media":0,"parent":413,"menu_order":0,"comment_status":"closed","ping_status":"closed","template":"","meta":{"footnotes":""},"class_list":["entry","page","publish","author-admin","post-543"],"publishpress_future_action":{"enabled":false,"date":"2026-04-24 01:39:07","action":"change-status","newStatus":"draft","terms":[],"taxonomy":"","extraData":[]},"publishpress_future_workflow_manual_trigger":{"enabledWorkflows":[]},"_links":{"self":[{"href":"http:\/\/www.welfaregiornalisti.it\/index.php?rest_route=\/wp\/v2\/pages\/543","targetHints":{"allow":["GET"]}}],"collection":[{"href":"http:\/\/www.welfaregiornalisti.it\/index.php?rest_route=\/wp\/v2\/pages"}],"about":[{"href":"http:\/\/www.welfaregiornalisti.it\/index.php?rest_route=\/wp\/v2\/types\/page"}],"author":[{"embeddable":true,"href":"http:\/\/www.welfaregiornalisti.it\/index.php?rest_route=\/wp\/v2\/users\/1"}],"replies":[{"embeddable":true,"href":"http:\/\/www.welfaregiornalisti.it\/index.php?rest_route=%2Fwp%2Fv2%2Fcomments&post=543"}],"version-history":[{"count":2,"href":"http:\/\/www.welfaregiornalisti.it\/index.php?rest_route=\/wp\/v2\/pages\/543\/revisions"}],"predecessor-version":[{"id":1938,"href":"http:\/\/www.welfaregiornalisti.it\/index.php?rest_route=\/wp\/v2\/pages\/543\/revisions\/1938"}],"up":[{"embeddable":true,"href":"http:\/\/www.welfaregiornalisti.it\/index.php?rest_route=\/wp\/v2\/pages\/413"}],"wp:attachment":[{"href":"http:\/\/www.welfaregiornalisti.it\/index.php?rest_route=%2Fwp%2Fv2%2Fmedia&parent=543"}],"curies":[{"name":"wp","href":"https:\/\/api.w.org\/{rel}","templated":true}]}}