{"id":188,"date":"2014-11-11T12:42:07","date_gmt":"2014-11-11T11:42:07","guid":{"rendered":"http:\/\/www.welfaregiornalisti.it\/?page_id=188"},"modified":"2014-11-11T12:42:07","modified_gmt":"2014-11-11T11:42:07","slug":"lisboa","status":"publish","type":"page","link":"http:\/\/www.welfaregiornalisti.it\/?page_id=188","title":{"rendered":"Lisboa"},"content":{"rendered":"<p><strong>Lisbona<\/strong><\/p>\n<p>Si \u00e8 svolto in Portogallo<b> <\/b>il 20\u00b0 corso di aggiornamento dell\u2019Associazione: <b>\u201cLisboa\u201d<\/b> (2004), stage di confronto con realt\u00e0 informative e istituzioni di categoria. Sono state visitati gli studi di <b>RTP Radiotelevis\u00e3o Portuguesa, <\/b>la<b> <\/b>televisione di stato<b> <\/b>ed incontrato<b> <\/b>Jos\u00e8 Rodrigues dos Santos, <b>Capo News RTP. <\/b>Incontro ufficiale presso<b> <\/b>l<b>\u2019Instituto da Comunica\u00e7\u00e3o Social<\/b>, organismo pubblico di ricerca sui media e la professione, dove la delegazione dei giornalisti lucani \u00e8 stata ricevuta dal presidente Teresa Ribeiro. L\u2019osservazione della professione dalla parte degli editori \u00e8 stato il tema degli incontri con l\u2019<b>AIND, Associa\u00e7ao Portuguesa de Imprensa, <\/b>che con 450 soci \u00e8 la pi\u00f9 grande associazione di imprese editoriali del Portogallo; e con <b>Obercom, <\/b>organizzazione privata di ricerca sui mercati della comunicazione<b>. <\/b>Lo stage si \u00e8 concluso con la visita ad un quotidiano dei pi\u00f9 antichi e diffusi, <b>Diario de Noticias<\/b> e <b>R\u00e0dio Renascen\u00e7a<\/b>, la pi\u00f9 importante emittente radiofonica cattolica del Portogallo.<\/p>\n<figure id=\"attachment_189\" aria-describedby=\"caption-attachment-189\" style=\"width: 280px\" class=\"wp-caption aligncenter\"><a href=\"http:\/\/www.welfaregiornalisti.it\/wp-content\/uploads\/2014\/11\/AIND.jpg\"><img loading=\"lazy\" decoding=\"async\" class=\"wp-image-189 size-full\" src=\"http:\/\/www.welfaregiornalisti.it\/wp-content\/uploads\/2014\/11\/AIND.jpg\" alt=\" L\u2019incontro organizzato con AIND e Obercom  \" width=\"280\" height=\"192\" \/><\/a><figcaption id=\"caption-attachment-189\" class=\"wp-caption-text\">L\u2019incontro organizzato<br \/> con AIND e Obercom<\/figcaption><\/figure>\n<figure id=\"attachment_190\" aria-describedby=\"caption-attachment-190\" style=\"width: 150px\" class=\"wp-caption alignright\"><a href=\"http:\/\/www.welfaregiornalisti.it\/wp-content\/uploads\/2014\/11\/ICS.jpg\"><img loading=\"lazy\" decoding=\"async\" class=\"wp-image-190 size-thumbnail\" src=\"http:\/\/www.welfaregiornalisti.it\/wp-content\/uploads\/2014\/11\/ICS-150x150.jpg\" alt=\"ICS\" width=\"150\" height=\"150\" \/><\/a><figcaption id=\"caption-attachment-190\" class=\"wp-caption-text\">La visita all\u2019Instituto da Comunica\u00e7\u00e3o Social<\/figcaption><\/figure>\n<figure id=\"attachment_192\" aria-describedby=\"caption-attachment-192\" style=\"width: 150px\" class=\"wp-caption alignleft\"><a href=\"http:\/\/www.welfaregiornalisti.it\/wp-content\/uploads\/2014\/11\/RTP_2-ok.jpg\"><img loading=\"lazy\" decoding=\"async\" class=\"wp-image-192 size-thumbnail\" src=\"http:\/\/www.welfaregiornalisti.it\/wp-content\/uploads\/2014\/11\/RTP_2-ok-150x150.jpg\" alt=\"RTP_2 ok\" width=\"150\" height=\"150\" \/><\/a><figcaption id=\"caption-attachment-192\" class=\"wp-caption-text\">RTP Radiotelevis\u00e3o Portuguesa<\/figcaption><\/figure>\n<figure id=\"attachment_191\" aria-describedby=\"caption-attachment-191\" style=\"width: 150px\" class=\"wp-caption aligncenter\"><a href=\"http:\/\/www.welfaregiornalisti.it\/wp-content\/uploads\/2014\/11\/RTP1.jpg\"><img loading=\"lazy\" decoding=\"async\" class=\"wp-image-191 size-thumbnail\" src=\"http:\/\/www.welfaregiornalisti.it\/wp-content\/uploads\/2014\/11\/RTP1-150x150.jpg\" alt=\"RTP1\" width=\"150\" height=\"150\" \/><\/a><figcaption id=\"caption-attachment-191\" class=\"wp-caption-text\">Jos\u00e8 Rodrigues dos Santos, Capo News RTP con il Presidente Luigi Di Lauro<\/figcaption><\/figure>\n","protected":false},"excerpt":{"rendered":"<p>Lisbona Si \u00e8 svolto in Portogallo il 20\u00b0 corso di aggiornamento dell\u2019Associazione: \u201cLisboa\u201d (2004), stage di confronto con realt\u00e0 informative e istituzioni di categoria. Sono state visitati gli studi di RTP Radiotelevis\u00e3o Portuguesa, la televisione di stato ed incontrato Jos\u00e8 Rodrigues dos Santos, Capo News RTP. Incontro ufficiale presso l\u2019Instituto da Comunica\u00e7\u00e3o Social, organismo pubblico &hellip; <\/p>\n","protected":false},"author":1,"featured_media":0,"parent":182,"menu_order":0,"comment_status":"closed","ping_status":"open","template":"","meta":{"footnotes":""},"class_list":["entry","page","publish","author-admin","post-188"],"publishpress_future_action":{"enabled":false,"date":"2026-04-28 20:04:03","action":"change-status","newStatus":"draft","terms":[],"taxonomy":"","extraData":[]},"publishpress_future_workflow_manual_trigger":{"enabledWorkflows":[]},"_links":{"self":[{"href":"http:\/\/www.welfaregiornalisti.it\/index.php?rest_route=\/wp\/v2\/pages\/188","targetHints":{"allow":["GET"]}}],"collection":[{"href":"http:\/\/www.welfaregiornalisti.it\/index.php?rest_route=\/wp\/v2\/pages"}],"about":[{"href":"http:\/\/www.welfaregiornalisti.it\/index.php?rest_route=\/wp\/v2\/types\/page"}],"author":[{"embeddable":true,"href":"http:\/\/www.welfaregiornalisti.it\/index.php?rest_route=\/wp\/v2\/users\/1"}],"replies":[{"embeddable":true,"href":"http:\/\/www.welfaregiornalisti.it\/index.php?rest_route=%2Fwp%2Fv2%2Fcomments&post=188"}],"version-history":[{"count":1,"href":"http:\/\/www.welfaregiornalisti.it\/index.php?rest_route=\/wp\/v2\/pages\/188\/revisions"}],"predecessor-version":[{"id":193,"href":"http:\/\/www.welfaregiornalisti.it\/index.php?rest_route=\/wp\/v2\/pages\/188\/revisions\/193"}],"up":[{"embeddable":true,"href":"http:\/\/www.welfaregiornalisti.it\/index.php?rest_route=\/wp\/v2\/pages\/182"}],"wp:attachment":[{"href":"http:\/\/www.welfaregiornalisti.it\/index.php?rest_route=%2Fwp%2Fv2%2Fmedia&parent=188"}],"curies":[{"name":"wp","href":"https:\/\/api.w.org\/{rel}","templated":true}]}}