{"id":156,"date":"2014-11-11T12:14:19","date_gmt":"2014-11-11T11:14:19","guid":{"rendered":"http:\/\/www.welfaregiornalisti.it\/?page_id=156"},"modified":"2018-02-20T12:39:53","modified_gmt":"2018-02-20T11:39:53","slug":"barcelona-digital","status":"publish","type":"page","link":"http:\/\/www.welfaregiornalisti.it\/?page_id=156","title":{"rendered":"Barcelona Digital"},"content":{"rendered":"<p><strong>Barcellona<\/strong><br \/>\n8 \u2013 12 marzo 2003<\/p>\n<p>Il corso si \u00e8 svolto a Barcellona (Spagna)\u00a0con visite a <strong>Cat365<\/strong> che gestisce il portale dell\u2019Amministrazione Aperta di Catalogna con il compito di distribuire servizi pubblici alla cittadinanza, <strong>Vilaweb<\/strong> che \u00e8 il terzo giornale elettronico di Barcellona e nel prossimo mese di settembre dar\u00e0 vita ad un quotidiano stampato; <strong>La Vanguardia Digital<\/strong> \u2013 versione on line del quotidiano pi\u00f9 diffuso della Catalogna ed infine l\u2019incontro con Marta Continente, direttore del servizio di Informazione del Municipio di Barcellona e del sito istituzionale<strong>bcn.es.<\/strong><\/p>\n<figure id=\"attachment_160\" aria-describedby=\"caption-attachment-160\" style=\"width: 271px\" class=\"wp-caption alignleft\"><a href=\"http:\/\/www.welfaregiornalisti.it\/wp-content\/uploads\/2014\/11\/barcellona3_jpg.jpg\"><img loading=\"lazy\" decoding=\"async\" class=\"wp-image-160 size-full\" src=\"http:\/\/www.welfaregiornalisti.it\/wp-content\/uploads\/2014\/11\/barcellona3_jpg.jpg\" alt=\" Con il direttore di VilaWeb, Vicent Partal, stato esaminato lo sviluppo delle iniziative editoriali nella rete dopo la crisi degli ultimi anni. Vilaweb \u00e8 il terzo giornale elettronico di Barcellona e nel ossimo mese di settembre dar\u00e0 vita ad un quotidiano stampato. Le statistiche ufficiali di diffusione dell\u2019Ojd, che in Spagna \u00e8 l\u2019organismo che esamina le cifre di vendita dei quotidiani ai fine della pubblicit\u00e0, attribuisce a Vilaweb una diffusione leader in Catalogna, con circa 400.000 utenti al mese.\" width=\"271\" height=\"180\" \/><\/a><figcaption id=\"caption-attachment-160\" class=\"wp-caption-text\">Con il direttore di VilaWeb, Vicent Partal, \u00e8 stato esaminato lo sviluppo delle iniziative editoriali nella rete dopo la crisi degli ultimi anni. Vilaweb \u00e8 il terzo giornale elettronico di Barcellona e nel ossimo mese di settembre dar\u00e0 vita ad un quotidiano stampato. Le statistiche ufficiali di diffusione dell\u2019Ojd, che in Spagna \u00e8 l\u2019organismo che esamina le cifre di vendita dei quotidiani ai fine della pubblicit\u00e0, attribuisce a Vilaweb una diffusione leader in Catalogna, con circa 400.000 utenti al mese.<\/figcaption><\/figure>\n<figure id=\"attachment_158\" aria-describedby=\"caption-attachment-158\" style=\"width: 274px\" class=\"wp-caption alignright\"><a href=\"http:\/\/www.welfaregiornalisti.it\/wp-content\/uploads\/2014\/11\/barcellona_2.jpg\"><img loading=\"lazy\" decoding=\"async\" class=\"size-full wp-image-158\" src=\"http:\/\/www.welfaregiornalisti.it\/wp-content\/uploads\/2014\/11\/barcellona_2.jpg\" alt=\"L\u2019incontro con Ignasi Albors, Direttore Pianificazione di Cat365 che gestisce il portale dell\u2019Amministrazione Aperta di Catalogna\" width=\"274\" height=\"180\" \/><\/a><figcaption id=\"caption-attachment-158\" class=\"wp-caption-text\">L\u2019incontro con Ignasi Albors, Direttore Pianificazione di Cat365 che gestisce il portale dell\u2019Amministrazione Aperta di Catalogna<\/figcaption><\/figure>\n<figure id=\"attachment_157\" aria-describedby=\"caption-attachment-157\" style=\"width: 278px\" class=\"wp-caption aligncenter\"><a href=\"http:\/\/www.welfaregiornalisti.it\/wp-content\/uploads\/2014\/11\/barcellona_1.jpg\"><img loading=\"lazy\" decoding=\"async\" class=\"wp-image-157 size-full\" src=\"http:\/\/www.welfaregiornalisti.it\/wp-content\/uploads\/2014\/11\/barcellona_1.jpg\" alt=\"A colloquio con Txema Alegre, capo della redazione de La Vanguardia Digital\" width=\"278\" height=\"180\" \/><\/a><figcaption id=\"caption-attachment-157\" class=\"wp-caption-text\">A colloquio con Txema Alegre, capo della redazione de La Vanguardia Digital<\/figcaption><\/figure>\n<p>&nbsp;<\/p>\n","protected":false},"excerpt":{"rendered":"<p>Barcellona 8 \u2013 12 marzo 2003 Il corso si \u00e8 svolto a Barcellona (Spagna)\u00a0con visite a Cat365 che gestisce il portale dell\u2019Amministrazione Aperta di Catalogna con il compito di distribuire servizi pubblici alla cittadinanza, Vilaweb che \u00e8 il terzo giornale elettronico di Barcellona e nel prossimo mese di settembre dar\u00e0 vita ad un quotidiano stampato; &hellip; <\/p>\n","protected":false},"author":1,"featured_media":0,"parent":163,"menu_order":0,"comment_status":"closed","ping_status":"open","template":"","meta":{"footnotes":""},"class_list":["entry","page","publish","author-admin","post-156"],"publishpress_future_action":{"enabled":false,"date":"2026-04-28 20:01:05","action":"change-status","newStatus":"draft","terms":[],"taxonomy":"","extraData":[]},"publishpress_future_workflow_manual_trigger":{"enabledWorkflows":[]},"_links":{"self":[{"href":"http:\/\/www.welfaregiornalisti.it\/index.php?rest_route=\/wp\/v2\/pages\/156","targetHints":{"allow":["GET"]}}],"collection":[{"href":"http:\/\/www.welfaregiornalisti.it\/index.php?rest_route=\/wp\/v2\/pages"}],"about":[{"href":"http:\/\/www.welfaregiornalisti.it\/index.php?rest_route=\/wp\/v2\/types\/page"}],"author":[{"embeddable":true,"href":"http:\/\/www.welfaregiornalisti.it\/index.php?rest_route=\/wp\/v2\/users\/1"}],"replies":[{"embeddable":true,"href":"http:\/\/www.welfaregiornalisti.it\/index.php?rest_route=%2Fwp%2Fv2%2Fcomments&post=156"}],"version-history":[{"count":3,"href":"http:\/\/www.welfaregiornalisti.it\/index.php?rest_route=\/wp\/v2\/pages\/156\/revisions"}],"predecessor-version":[{"id":1290,"href":"http:\/\/www.welfaregiornalisti.it\/index.php?rest_route=\/wp\/v2\/pages\/156\/revisions\/1290"}],"up":[{"embeddable":true,"href":"http:\/\/www.welfaregiornalisti.it\/index.php?rest_route=\/wp\/v2\/pages\/163"}],"wp:attachment":[{"href":"http:\/\/www.welfaregiornalisti.it\/index.php?rest_route=%2Fwp%2Fv2%2Fmedia&parent=156"}],"curies":[{"name":"wp","href":"https:\/\/api.w.org\/{rel}","templated":true}]}}