{"id":1357,"date":"2018-05-18T09:37:30","date_gmt":"2018-05-18T07:37:30","guid":{"rendered":"http:\/\/www.welfaregiornalisti.it\/?page_id=1357"},"modified":"2018-12-07T09:28:16","modified_gmt":"2018-12-07T08:28:16","slug":"privacy-policy","status":"publish","type":"page","link":"http:\/\/www.welfaregiornalisti.it\/?page_id=1357","title":{"rendered":"Privacy Policy"},"content":{"rendered":"<p><strong>La tua Privacy<\/strong><\/p>\n<p>Benvenuto sul sito<strong> www.formedia.institute (www.welfaregiornalisti.it)<\/strong><\/p>\n<p>Per <em>for<\/em>Media\u00ae la tua privacy e la sicurezza dei tuoi dati sono molto importanti, per questo raccogliamo e gestiamo i tuoi dati personali con la massima attenzione e adottiamo misure specifiche per custodirli al sicuro.<\/p>\n<p><strong>Chi \u00e8 il titolare?<\/strong><\/p>\n<p>I dati sono trattati da: <em>for<\/em>Media\u00ae &#8211; Istituto per la Formazione al Giornalismo e alla Comunicazione Multimediale, <strong><u>Ente accreditato al CNOG per la formazione continua dei giornalisti italiani<\/u><\/strong><br \/>\nVia Mazzini, 23\/E 85100 Potenza\u00a0 (Italy),\u00a0codice fiscale 01280890763,\u00a0Tel\/Fax +39 0971 411439,\u00a0pec: formediapotenza@pec.it,\u00a0http:\/\/www.formedia.institute<\/p>\n<p><strong>Quali dati trattiamo e perch\u00e9?<\/strong><br \/>\nI dati personali che <em>for<\/em>Media\u00ae tratta sono quelli che gestisce la societ\u00e0 Lan Systems S.R.L, Via Roncati, 6, 40134 Bologna Italy, per conto dell\u2019Ordine dei Giornalisti al quale sei iscritto nella piattaforma SiGef, oppure quelli che ci fornisci tu per l\u2019iscrizione volontaria ai nostri seminari<\/p>\n<p><em>for<\/em>Media\u00ae pu\u00f2 quindi raccogliere dati su di te come ad esempio dati anagrafici quali nome e cognome, codice fiscale, indirizzo mail, eventuale indirizzo di fatturazione per i corsi a pagamento<\/p>\n<p><strong>I tuoi dati personali sono trattati per le seguenti finalit\u00e0:<\/strong><br \/>\n&#8211; inviarti comunicazioni relative ai seminari che programmiamo, svolgiamo e concludiamo (attribuzione dei crediti formativi)<br \/>\n&#8211; fornirti i servizi di comunicazione quali newsletter periodiche per nuovi eventi di formazione<br \/>\n&#8211; consentirti l\u2019attribuzione dei crediti formativi sulla piattaforma Sigef<br \/>\n&#8211; inviarti questionari di gradimento facoltativi ai nostri seminari<\/p>\n<p>Nei casi sopracitati, il trattamento dei tuoi dati personali \u00e8 legittimo in quanto necessario a fornirti il servizio che ci hai specificatamente richiesto, con l\u2019iscrizione e partecipazione ai nostri seminari.<\/p>\n<p>Inoltre svolgiamo indagini statistiche e analisi con dati in forma aggregata e anonima per comprendere il gradimento e la valutazione dell\u2019organizzazione per i nostri seminari di formazione, per migliorare la nostra offerta e i nostri servizi.<\/p>\n<p><strong>Chi tratter\u00e0 i tuoi dati?<\/strong><br \/>\nI tuoi dati personali sono trattati da personale debitamente istruito di <em>for<\/em>Media\u00ae in qualit\u00e0 di Titolare del trattamento, nel rispetto delle garanzie previste dalla legge.<\/p>\n<p><strong>Per quanto tempo conserviamo i tuoi dati?<\/strong><br \/>\nConserviamo i tuoi dati personali per un periodo di tempo limitato alla gestione e conclusione delle procedure relative al singolo seminario, al termine del quale i tuoi dati personali saranno archiviati secondo la normativa vigente o cancellati su tua richiesta o comunque resi anonimi in via irreversibile.<\/p>\n<p><strong>Quali sono i tuoi diritti?<\/strong><br \/>\nIn qualunque momento, a seconda dello specifico trattamento, potrai: revocare il consenso al trattamento, conoscere quali sono i tuoi dati personali in nostro possesso, la loro origine e come vengono utilizzati, richiederne l\u2019aggiornamento, la rettifica o l\u2019integrazione nonch\u00e9, nei casi previsti dalle disposizioni vigenti, la cancellazione, la limitazione del trattamento o opporti al loro trattamento.<\/p>\n<p>La presente informativa potr\u00e0 subire modifiche e integrazioni nel corso del tempo per l\u2019eventuale cambio di normativa vigente, ti invitiamo, pertanto, a verificarne periodicamente i contenuti. Laddove possibile, cercheremo di informarti tempestivamente sulle modifiche apportate.<\/p>\n<p><strong>Privacy Policy<\/strong><\/p>\n<p><strong>1. Informazioni generali<\/strong><br \/>\n<strong>Chi \u00e8 il Titolare del trattamento?<\/strong><br \/>\n<em>for<\/em>Media\u00ae \u00e8 il Titolare del trattamento, cio\u00e8 il soggetto che decide come e perch\u00e9 trattare i tuoi dati personali.<br \/>\nPuoi sempre contattare <em>for<\/em>Media\u00ae scrivendo all\u2019indirizzo <a href=\"mailto:formedia@stampabasilicata.net\">formedia@stampabasilicata.net<\/a>, o chiamando il numero 0971411439<\/p>\n<p><strong>Quali dati personali raccogliamo?<\/strong><br \/>\nLe categorie di dati personali che forMedia\u00ae raccoglie e tratta quando partecipi ad un nostro seminario sono i seguenti:<br \/>\na) raccogliamo i dati personali necessari per concludere e dare esecuzione alla tua partecipazione e accreditamento dei crediti formativi;<br \/>\nb) raccogliamo il tuo indirizzo e-mail quando ti iscrivi al nostro servizio di newsletter;<br \/>\nc) trattiamo i dati personali che ci fornisci quando ci contatti per fornirti l\u2019assistenza richiesta;<\/p>\n<p><strong>Base giuridica del trattamento<\/strong><br \/>\nTrattiamo i tuoi dati personali soltanto sempre in ottemperanza alle condizioni previste dalla normativa vigente.<\/p>\n","protected":false},"excerpt":{"rendered":"<p>La tua Privacy Benvenuto sul sito www.formedia.institute (www.welfaregiornalisti.it) Per forMedia\u00ae la tua privacy e la sicurezza dei tuoi dati sono molto importanti, per questo raccogliamo e gestiamo i tuoi dati personali con la massima attenzione e adottiamo misure specifiche per custodirli al sicuro. Chi \u00e8 il titolare? I dati sono trattati da: forMedia\u00ae &#8211; Istituto &hellip; <\/p>\n","protected":false},"author":1,"featured_media":0,"parent":0,"menu_order":0,"comment_status":"closed","ping_status":"closed","template":"","meta":{"footnotes":""},"class_list":["entry","page","publish","author-admin","post-1357"],"publishpress_future_action":{"enabled":false,"date":"2026-04-23 14:55:55","action":"change-status","newStatus":"draft","terms":[],"taxonomy":"","extraData":[]},"publishpress_future_workflow_manual_trigger":{"enabledWorkflows":[]},"_links":{"self":[{"href":"http:\/\/www.welfaregiornalisti.it\/index.php?rest_route=\/wp\/v2\/pages\/1357","targetHints":{"allow":["GET"]}}],"collection":[{"href":"http:\/\/www.welfaregiornalisti.it\/index.php?rest_route=\/wp\/v2\/pages"}],"about":[{"href":"http:\/\/www.welfaregiornalisti.it\/index.php?rest_route=\/wp\/v2\/types\/page"}],"author":[{"embeddable":true,"href":"http:\/\/www.welfaregiornalisti.it\/index.php?rest_route=\/wp\/v2\/users\/1"}],"replies":[{"embeddable":true,"href":"http:\/\/www.welfaregiornalisti.it\/index.php?rest_route=%2Fwp%2Fv2%2Fcomments&post=1357"}],"version-history":[{"count":9,"href":"http:\/\/www.welfaregiornalisti.it\/index.php?rest_route=\/wp\/v2\/pages\/1357\/revisions"}],"predecessor-version":[{"id":1571,"href":"http:\/\/www.welfaregiornalisti.it\/index.php?rest_route=\/wp\/v2\/pages\/1357\/revisions\/1571"}],"wp:attachment":[{"href":"http:\/\/www.welfaregiornalisti.it\/index.php?rest_route=%2Fwp%2Fv2%2Fmedia&parent=1357"}],"curies":[{"name":"wp","href":"https:\/\/api.w.org\/{rel}","templated":true}]}}