{"id":104,"date":"2014-11-11T10:39:38","date_gmt":"2014-11-11T09:39:38","guid":{"rendered":"http:\/\/www.welfaregiornalisti.it\/?page_id=104"},"modified":"2014-11-12T11:56:54","modified_gmt":"2014-11-12T10:56:54","slug":"nuovi-media-nuovo-giornalismo","status":"publish","type":"page","link":"http:\/\/www.welfaregiornalisti.it\/?page_id=104","title":{"rendered":"Nuovi Media Nuovo Giornalismo"},"content":{"rendered":"<p><strong>Potenza &#8211; Perugia &#8211; Terni<\/strong><br \/>\nSettembre 1998 &#8211; Marzo 1999<br \/>\nScuola di Giornalismo Radiotelevisivo di Perugia &#8211; Centro Multimediale di Terni<\/p>\n<p>Ha avuto lo scopo di affrontare le prospettive di evoluzione della professione giornalistica, approfondendo innanzi tutto il tema delle tecniche della comunicazione e della informazione in scenari che cambiano rapidamente. La \u201crivoluzione digitale\u201d impone ai giornalisti di raccogliere fino in fondo la sfida delle nuove tecnologie, senza far venir meno il loro dovere di offrire alla comunit\u00e0 un\u2019informazione corretta e completa. Lo stage conclusivo, in Umbria, ha consentito una presa di contatto con due realt\u00e0 particolarmente attive nella ricerca sui nuovi media: la scuola di giornalismo radiotelevisivo di Perugia e il Centro Multimediale di Terni.<\/p>\n<p><strong>DOCENTI:<\/strong><br \/>\n&#8211; Angelo Agostini<br \/>\nGiornalista e ricercatore, laureato in Filosofia. Docente di giornalismo all\u2019Universit\u00e0 di Lugano. Gi\u00e0 direttore dell\u2019Istituto per la Formazione al Giornalismo di Bologna, si occupa da tempo di formazione al giornalismo e di consulenza editoriale, svolge attivit\u00e0 di ricerca sulle comunicazioni di massa, occupandosi in particolare di sociologia del giornalismo e di politiche dell\u2019informazione<br \/>\n&#8211; Carlo De Blasio<br \/>\nGiornalista professionista, lavora a RaiNEws24. In passato ha lavorato alla BBC a Londra in numerosi programmi (Euronews, trasmesso quotidianamente da BBC Radio 5 Live in diretta, Europe Today, trasmesso quotidianamente da BBC World Service in diretta a diffusione mondiale, Week \u2013End, trasmesso il sabato da BBC World Service a diffusione mondiale, Europhile, trasmesso settimanalmente da BBC Radio 4 ecc.). \u00c8 stato responsabile del canale televisivo Bloomberg TV.<br \/>\n&#8211; Roberto Mastroianni<br \/>\nGiornalista professionista, laureato in Sociologia, in Rai ha lavorato per molti anni alla radio, ha ideato e condotto il primo rotocalco radiofonico sulle nuove tecnologie e le prime sperimentazione di nuove tecnologie legate alla comunicazione come Radiosoftware e Telesoftware. In televisione ha collaborato con \u201cIl Caso\u201d di Enzo Biagi, ha curato i primi servizi su Internet e sulla multimedialit\u00e0, attualmente lavora alla redazione Internet del canale News della Rai. E\u2019 docente di giornalismo e nuove tecnologie presso la Scuola di Giornalismo Radiotelevisivo di Perugia, insegna Giornalismo e Nuove Tecnologie presso l\u2019Ateneo Salesiano, docente presso corsi di formazione dell\u2019Ordine Nazionale dei Giornalisti, ha progettato i corsi Internet e di applicazione delle nuove tecnologie per i giornalisti della Rai.<br \/>\n&#8211; Sandro Petrone<br \/>\nGiornalista professionista, \u00e8 vice capo redattore della redazione Esteri del Tg2, gi\u00e0 inviato speciale. Oltre che in televisione, ha lavorato alla radio, nella carta stampata e in pubblicit\u00e0. Insegna giornalismo televisivo per la Scuola di Giornalismo Radiotelevisivo di Perugia, per la Scuola Rai, per l\u2019Istituto per la Formazione al Giornalismo di Bologna e per altre istituzioni. Ha svolto consulenza giornalistica ed organizzativa in alcune fra le pi\u00f9 prestigiose emittenti straniere. E\u2019 laureato in Giurisprudenza.<br \/>\n&#8211; Fabrizio Piccinini<br \/>\nGiornalista professionista, tutor e docente presso l\u2019Istituto per la Formazione al Giornalismo di Bologna, consulente della Federazione Nazionale della Stampa Italiana sui problemi occupazionali. Ha seguito, fra gli altri, il corso di giornalismo istituito dall\u2019Universit\u00e0 di Ferrara, ha lavorato in quotidiani emiliano-romagnoli, \u00e8 stato redattore della sede bolognese di \u201cRepubblica\u201d e di altre testare<br \/>\n&#8211; Enrico Pulcini<br \/>\nGiornalista di \u201cInfocity\u201d agenzia per la progettazione, realizzazione e diffusione di contenuti editoriali su Internet, ha pubblicato il libro \u201cGiornalismo su Internet: cercare, produrre diffondere informazione on-line\u201d . Collaboratore de \u201cL\u2019Unit\u00e0\u201d e di altre testate, laureato in Lingue e Letterature Straniere Moderne presso l\u2019Universit\u00e0 \u201cLa Sapienza\u201d di Roma con diploma di specializzazione in Giornalismo e Comunicazione di Massa.<\/p>\n","protected":false},"excerpt":{"rendered":"<p>Potenza &#8211; Perugia &#8211; Terni Settembre 1998 &#8211; Marzo 1999 Scuola di Giornalismo Radiotelevisivo di Perugia &#8211; Centro Multimediale di Terni Ha avuto lo scopo di affrontare le prospettive di evoluzione della professione giornalistica, approfondendo innanzi tutto il tema delle tecniche della comunicazione e della informazione in scenari che cambiano rapidamente. La \u201crivoluzione digitale\u201d impone &hellip; <\/p>\n","protected":false},"author":1,"featured_media":0,"parent":90,"menu_order":0,"comment_status":"closed","ping_status":"open","template":"","meta":{"footnotes":""},"class_list":["entry","page","publish","author-admin","post-104"],"publishpress_future_action":{"enabled":false,"date":"2026-04-28 21:44:34","action":"change-status","newStatus":"draft","terms":[],"taxonomy":"","extraData":[]},"publishpress_future_workflow_manual_trigger":{"enabledWorkflows":[]},"_links":{"self":[{"href":"http:\/\/www.welfaregiornalisti.it\/index.php?rest_route=\/wp\/v2\/pages\/104","targetHints":{"allow":["GET"]}}],"collection":[{"href":"http:\/\/www.welfaregiornalisti.it\/index.php?rest_route=\/wp\/v2\/pages"}],"about":[{"href":"http:\/\/www.welfaregiornalisti.it\/index.php?rest_route=\/wp\/v2\/types\/page"}],"author":[{"embeddable":true,"href":"http:\/\/www.welfaregiornalisti.it\/index.php?rest_route=\/wp\/v2\/users\/1"}],"replies":[{"embeddable":true,"href":"http:\/\/www.welfaregiornalisti.it\/index.php?rest_route=%2Fwp%2Fv2%2Fcomments&post=104"}],"version-history":[{"count":5,"href":"http:\/\/www.welfaregiornalisti.it\/index.php?rest_route=\/wp\/v2\/pages\/104\/revisions"}],"predecessor-version":[{"id":299,"href":"http:\/\/www.welfaregiornalisti.it\/index.php?rest_route=\/wp\/v2\/pages\/104\/revisions\/299"}],"up":[{"embeddable":true,"href":"http:\/\/www.welfaregiornalisti.it\/index.php?rest_route=\/wp\/v2\/pages\/90"}],"wp:attachment":[{"href":"http:\/\/www.welfaregiornalisti.it\/index.php?rest_route=%2Fwp%2Fv2%2Fmedia&parent=104"}],"curies":[{"name":"wp","href":"https:\/\/api.w.org\/{rel}","templated":true}]}}