{"id":1033,"date":"2016-11-30T13:13:28","date_gmt":"2016-11-30T12:13:28","guid":{"rendered":"http:\/\/www.welfaregiornalisti.it\/?page_id=1033"},"modified":"2016-11-30T13:13:28","modified_gmt":"2016-11-30T12:13:28","slug":"data-journalism-linformazione-statistica-per-la-conoscenza-ed-il-racconto-del-territorio","status":"publish","type":"page","link":"http:\/\/www.welfaregiornalisti.it\/?page_id=1033","title":{"rendered":"\u201cData journalism: l\u2019informazione statistica per la conoscenza ed il racconto del territorio\u201d"},"content":{"rendered":"<p><a href=\"http:\/\/www.welfaregiornalisti.it\/wp-content\/uploads\/2016\/09\/14444761_1184951074908977_3357248522911009875_o.jpg\"><img loading=\"lazy\" decoding=\"async\" class=\" wp-image-981 aligncenter\" src=\"http:\/\/www.welfaregiornalisti.it\/wp-content\/uploads\/2016\/09\/14444761_1184951074908977_3357248522911009875_o-300x123.jpg\" alt=\"14444761_1184951074908977_3357248522911009875_o\" width=\"646\" height=\"265\" srcset=\"http:\/\/www.welfaregiornalisti.it\/wp-content\/uploads\/2016\/09\/14444761_1184951074908977_3357248522911009875_o-300x123.jpg 300w, http:\/\/www.welfaregiornalisti.it\/wp-content\/uploads\/2016\/09\/14444761_1184951074908977_3357248522911009875_o-768x315.jpg 768w, http:\/\/www.welfaregiornalisti.it\/wp-content\/uploads\/2016\/09\/14444761_1184951074908977_3357248522911009875_o.jpg 1024w\" sizes=\"auto, (max-width: 646px) 100vw, 646px\" \/><\/a><\/p>\n<p><a href=\"http:\/\/www.welfaregiornalisti.it\/wp-content\/uploads\/2016\/09\/14444761_1184951074908977_3357248522911009875_o.jpg\"><strong><span style=\"color: #000000;\">Potenza<\/span><\/strong><br \/>\n<span style=\"color: #000000;\">28 novembre 2016<\/span><br \/>\n<span style=\"color: #000000;\">(9.00 &#8211; 14.00)<\/span><br \/>\n<span style=\"color: #000000;\">Biblioteca Nazionale, Via del Gallitello<\/span><br \/>\n<\/a><\/p>\n<p style=\"text-align: justify;\">Docenti:<br \/>\n<strong>Antonella Bianchino<\/strong>, Primo ricercatore Istat, Dirigente Istat Ufficio regionale per la Basilicata;<br \/>\n<strong>Salvatore Cariello<\/strong>, Funzionario Istat Ufficio regionale per la Basilicata;<br \/>\n<strong>Gianni Molinari<\/strong>, giornalista, Capo della cronaca de &#8220;Il Mattino&#8221; di Napoli, esperto di data journalism.<\/p>\n<p style=\"text-align: justify;\">L&#8217;integrazione di fonti amministrative permette un&#8217;analisi statistica dei territori pi\u00f9 particolareggiata. Recenti metodologie innovative consentono rilevazioni pi\u00f9 capillari afferenti alla realt\u00e0 socio-economica del territorio regionale. Come interpretare i nuovi dati e diffonderli: il ruolo del giornalista quale mediatore per analizzare ed interpretare i dati statistici per fornire letture dei territori oggettive e approfondite.<\/p>\n<p style=\"text-align: justify;\"><strong>CREDITI: 5<\/strong><\/p>\n","protected":false},"excerpt":{"rendered":"<p>Potenza 28 novembre 2016 (9.00 &#8211; 14.00) Biblioteca Nazionale, Via del Gallitello Docenti: Antonella Bianchino, Primo ricercatore Istat, Dirigente Istat Ufficio regionale per la Basilicata; Salvatore Cariello, Funzionario Istat Ufficio regionale per la Basilicata; Gianni Molinari, giornalista, Capo della cronaca de &#8220;Il Mattino&#8221; di Napoli, esperto di data journalism. L&#8217;integrazione di fonti amministrative permette un&#8217;analisi &hellip; <\/p>\n","protected":false},"author":1,"featured_media":0,"parent":644,"menu_order":0,"comment_status":"closed","ping_status":"closed","template":"","meta":{"footnotes":""},"class_list":["entry","page","publish","author-admin","post-1033"],"publishpress_future_action":{"enabled":false,"date":"2026-04-28 20:26:27","action":"change-status","newStatus":"draft","terms":[],"taxonomy":"","extraData":[]},"publishpress_future_workflow_manual_trigger":{"enabledWorkflows":[]},"_links":{"self":[{"href":"http:\/\/www.welfaregiornalisti.it\/index.php?rest_route=\/wp\/v2\/pages\/1033","targetHints":{"allow":["GET"]}}],"collection":[{"href":"http:\/\/www.welfaregiornalisti.it\/index.php?rest_route=\/wp\/v2\/pages"}],"about":[{"href":"http:\/\/www.welfaregiornalisti.it\/index.php?rest_route=\/wp\/v2\/types\/page"}],"author":[{"embeddable":true,"href":"http:\/\/www.welfaregiornalisti.it\/index.php?rest_route=\/wp\/v2\/users\/1"}],"replies":[{"embeddable":true,"href":"http:\/\/www.welfaregiornalisti.it\/index.php?rest_route=%2Fwp%2Fv2%2Fcomments&post=1033"}],"version-history":[{"count":1,"href":"http:\/\/www.welfaregiornalisti.it\/index.php?rest_route=\/wp\/v2\/pages\/1033\/revisions"}],"predecessor-version":[{"id":1034,"href":"http:\/\/www.welfaregiornalisti.it\/index.php?rest_route=\/wp\/v2\/pages\/1033\/revisions\/1034"}],"up":[{"embeddable":true,"href":"http:\/\/www.welfaregiornalisti.it\/index.php?rest_route=\/wp\/v2\/pages\/644"}],"wp:attachment":[{"href":"http:\/\/www.welfaregiornalisti.it\/index.php?rest_route=%2Fwp%2Fv2%2Fmedia&parent=1033"}],"curies":[{"name":"wp","href":"https:\/\/api.w.org\/{rel}","templated":true}]}}