{"id":101,"date":"2014-11-11T10:35:51","date_gmt":"2014-11-11T09:35:51","guid":{"rendered":"http:\/\/www.welfaregiornalisti.it\/?page_id=101"},"modified":"2014-11-12T11:58:32","modified_gmt":"2014-11-12T10:58:32","slug":"gli-scenari-della-comunicazione","status":"publish","type":"page","link":"http:\/\/www.welfaregiornalisti.it\/?page_id=101","title":{"rendered":"Gli scenari della comunicazione"},"content":{"rendered":"<p><strong>Potenza &#8211; Napoli<\/strong><br \/>\nSettembre 1998 &#8211; Marzo 1999<br \/>\nDipartimento di Economia dell\u2019Universit\u00e0 \u201cFederico II\u201d di Napoli<\/p>\n<p>Dedicato a giornalisti in attivit\u00e0, anche con lunga esperienza professionale, ha avuto lo scopo di consentire ai colleghi l\u2019approfondimento di conoscenze e competenze che si acquisiscono talvolta solo in maniera approssimativa ed episodica. I cambiamenti dell\u2019economia, l\u2019evoluzione della societ\u00e0, i cambiamenti del sistema politico e istituzionale, il nuovo codice di procedura penale, la normativa professionale, i diritti e i doveri dei giornalisti: questi alcuni degli argomenti trattati con l\u2019aiuto di docenti di grande competenza e prestigio. Lo stage conclusivo, presso l\u2019Universit\u00e0 di Napoli, ha consentito una presa di contatto con lo stato della ricerca socio-economica nel mezzogiorno.<\/p>\n<p><strong>DOCENTI:<\/strong><br \/>\n&#8211; Gennaro Biondi<br \/>\nProfessore ordinario di Geografia Economica, Facolt\u00e0 di Economia e Commercio dell\u2019Universit\u00e0 di Napoli. Ha pubblicato articoli su diverse riviste e pubblicazioni specializzate<br \/>\n&#8211; Susanna Cafaro<br \/>\nLaureata in Giurisprudenza presso l\u2019Universit\u00e0 di Bari, professore incaricato presso la Facolt\u00e0 di Scienze Politiche dell\u2019Universit\u00e0 di Bologna, cattedra di Diritto delle Comunit\u00e0 Europee, ha svolto attivit\u00e0 di ricerca e prodotto articoli per alcune pubblicazioni<br \/>\n&#8211; Alfonso Cecere<br \/>\nDocente di Diritto Amministrativo, Universit\u00e0 di Napoli<br \/>\n&#8211; Odoardo Como<br \/>\nFunzionario dell\u2019Unione Europea. Collaboratore presso l\u2019Universit\u00e0 di Napoli, cattedra di \u201cTeoria e politica dello sviluppo economico\u201d, del Centro di specializzazione di Portici e presso l\u2019Universit\u00e0 degli Studi di Roma \u201cLa Sapienza\u201d, autore di diverse pubblicazioni sullo sviluppo economico<br \/>\n&#8211; Gianni Faustini<br \/>\nGiornalista professionista, laureato in Lettere Moderne, ha diretto servizi giornalistici della Rai in Trentino ed \u00e8 stato Presidente Nazionale dell\u2019Ordine dei Giornalisti. Ha insegnato \u201cTeoria e tecnica del linguaggio giornalistico\u201d alla Facolt\u00e0 di Sociologia presso l\u2019universit\u00e0 \u201cLa Sapienza\u201d di Roma, \u201cStoria del giornalismo e deontologia\u201d nelle scuole di giornalismo di Perugia e Urbino<br \/>\n&#8211; Caterina Malavenda<br \/>\nAvvocato penalista, si occupa prevalentemente di problematiche connesse alla professione giornalistica. Assiste da anni \u201cIl Corriere della Sera\u201d, \u201cIl Sole 24 Ore\u201d, \u201cPanorama\u201d in processi penali e civili per diffamazione e altri reati commessi a mezzo stampa: Ha tenuto corsi di diritto pubblico, diritto e procedura penale presso la Scuola Radiotelevisiva di Perugia, ha collaborato con l\u2019avv. Corso Bovio nella redazione di testi di diritto per conto del Consiglio Nazionale dell\u2019Ordine dei Giornalisti<br \/>\n&#8211; Raffaele Ricciuti<br \/>\nConsulente aziendale, si occupa dell\u2019amministrazione e dell\u2019organizzazione di societ\u00e0, cooperative ed Enti Pubblici, Diploma di Laurea in Scienze Economiche e Bancarie presso l\u2019Universit\u00e0 di Siena, Amministratore di Ceii Systema Bic Basilicata<br \/>\n&#8211; Raffaele Sibilio<br \/>\ndocente di Sociologia presso il Dipartimento di Scienze Economiche e Sociali dell\u2019Universit\u00e0 di Napoli \u201cFederico II\u201d, svolge, inoltre, attivit\u00e0 di formazione e di consulenza aziendale<br \/>\n&#8211; Salvatore Vescina<br \/>\nLaureato in Giurisprudenza all\u2019Universit\u00e0 degli Studi di Bari, collabora con Eurocom s.r.l., societ\u00e0 di servizi, concorrendo alla predisposizione di proposte progettuali e business plan relativi agli strumenti di incentivazione per gli investimenti materiali e immateriali<\/p>\n","protected":false},"excerpt":{"rendered":"<p>Potenza &#8211; Napoli Settembre 1998 &#8211; Marzo 1999 Dipartimento di Economia dell\u2019Universit\u00e0 \u201cFederico II\u201d di Napoli Dedicato a giornalisti in attivit\u00e0, anche con lunga esperienza professionale, ha avuto lo scopo di consentire ai colleghi l\u2019approfondimento di conoscenze e competenze che si acquisiscono talvolta solo in maniera approssimativa ed episodica. I cambiamenti dell\u2019economia, l\u2019evoluzione della societ\u00e0, &hellip; <\/p>\n","protected":false},"author":1,"featured_media":0,"parent":90,"menu_order":0,"comment_status":"closed","ping_status":"open","template":"","meta":{"footnotes":""},"class_list":["entry","page","publish","author-admin","post-101"],"publishpress_future_action":{"enabled":false,"date":"2026-04-28 20:02:15","action":"change-status","newStatus":"draft","terms":[],"taxonomy":"","extraData":[]},"publishpress_future_workflow_manual_trigger":{"enabledWorkflows":[]},"_links":{"self":[{"href":"http:\/\/www.welfaregiornalisti.it\/index.php?rest_route=\/wp\/v2\/pages\/101","targetHints":{"allow":["GET"]}}],"collection":[{"href":"http:\/\/www.welfaregiornalisti.it\/index.php?rest_route=\/wp\/v2\/pages"}],"about":[{"href":"http:\/\/www.welfaregiornalisti.it\/index.php?rest_route=\/wp\/v2\/types\/page"}],"author":[{"embeddable":true,"href":"http:\/\/www.welfaregiornalisti.it\/index.php?rest_route=\/wp\/v2\/users\/1"}],"replies":[{"embeddable":true,"href":"http:\/\/www.welfaregiornalisti.it\/index.php?rest_route=%2Fwp%2Fv2%2Fcomments&post=101"}],"version-history":[{"count":4,"href":"http:\/\/www.welfaregiornalisti.it\/index.php?rest_route=\/wp\/v2\/pages\/101\/revisions"}],"predecessor-version":[{"id":300,"href":"http:\/\/www.welfaregiornalisti.it\/index.php?rest_route=\/wp\/v2\/pages\/101\/revisions\/300"}],"up":[{"embeddable":true,"href":"http:\/\/www.welfaregiornalisti.it\/index.php?rest_route=\/wp\/v2\/pages\/90"}],"wp:attachment":[{"href":"http:\/\/www.welfaregiornalisti.it\/index.php?rest_route=%2Fwp%2Fv2%2Fmedia&parent=101"}],"curies":[{"name":"wp","href":"https:\/\/api.w.org\/{rel}","templated":true}]}}